{"id":9,"date":"2022-03-06T17:30:43","date_gmt":"2022-03-06T16:30:43","guid":{"rendered":"https:\/\/netwiseapps.com\/pl\/?page_id=9"},"modified":"2025-06-03T12:34:22","modified_gmt":"2025-06-03T10:34:22","slug":"strona-glowna","status":"publish","type":"page","link":"https:\/\/netwiseapps.com\/pl\/","title":{"rendered":"Strona g\u0142\u00f3wna"},"content":{"rendered":"\t\t<div data-elementor-type=\"wp-page\" data-elementor-id=\"9\" class=\"elementor elementor-9\" data-elementor-settings=\"[]\">\n\t\t\t\t\t\t\t<div class=\"elementor-section-wrap\">\n\t\t\t\t\t\t\t<section class=\"elementor-section elementor-top-section elementor-element elementor-element-1403f08 elementor-section-stretched elementor-section-boxed elementor-section-height-default elementor-section-height-default\" data-id=\"1403f08\" data-element_type=\"section\" data-settings=\"{&quot;stretch_section&quot;:&quot;section-stretched&quot;,&quot;background_background&quot;:&quot;classic&quot;}\">\n\t\t\t\t\t\t<div class=\"elementor-container elementor-column-gap-default\">\n\t\t\t\t\t<div class=\"elementor-column elementor-col-100 elementor-top-column elementor-element elementor-element-1f35de7\" data-id=\"1f35de7\" data-element_type=\"column\" data-settings=\"{&quot;background_background&quot;:&quot;classic&quot;}\">\n\t\t\t<div class=\"elementor-widget-wrap elementor-element-populated\">\n\t\t\t\t\t\t\t\t<div class=\"elementor-element elementor-element-8c75c30 industry-black  elementor-invisible elementor-widget elementor-widget-heading\" data-id=\"8c75c30\" data-element_type=\"widget\" data-settings=\"{&quot;_animation&quot;:&quot;fadeInDown&quot;}\" data-widget_type=\"heading.default\">\n\t\t\t\t<div class=\"elementor-widget-container\">\n\t\t\t<style>\/*! elementor - v3.5.6 - 28-02-2022 *\/\n.elementor-heading-title{padding:0;margin:0;line-height:1}.elementor-widget-heading .elementor-heading-title[class*=elementor-size-]>a{color:inherit;font-size:inherit;line-height:inherit}.elementor-widget-heading .elementor-heading-title.elementor-size-small{font-size:15px}.elementor-widget-heading .elementor-heading-title.elementor-size-medium{font-size:19px}.elementor-widget-heading .elementor-heading-title.elementor-size-large{font-size:29px}.elementor-widget-heading .elementor-heading-title.elementor-size-xl{font-size:39px}.elementor-widget-heading .elementor-heading-title.elementor-size-xxl{font-size:59px}<\/style><h1 class=\"elementor-heading-title elementor-size-default\">Najlepsze <span class=\"green\">Aplikacje<\/span> <br>dla Dynamics 365<\/h1>\t\t<\/div>\n\t\t\t\t<\/div>\n\t\t\t\t<div class=\"elementor-element elementor-element-ec0676f elementor-invisible elementor-widget elementor-widget-heading\" data-id=\"ec0676f\" data-element_type=\"widget\" data-settings=\"{&quot;_animation&quot;:&quot;fadeInUp&quot;,&quot;_animation_delay&quot;:500}\" data-widget_type=\"heading.default\">\n\t\t\t\t<div class=\"elementor-widget-container\">\n\t\t\t<h3 class=\"elementor-heading-title elementor-size-default\">Stworzone, aby rozszerzy\u0107<\/h3>\t\t<\/div>\n\t\t\t\t<\/div>\n\t\t\t\t<div class=\"elementor-element elementor-element-9898bdf industry-medium elementor-invisible elementor-widget elementor-widget-heading\" data-id=\"9898bdf\" data-element_type=\"widget\" data-settings=\"{&quot;_animation&quot;:&quot;fadeInUp&quot;,&quot;_animation_delay&quot;:1000}\" data-widget_type=\"heading.default\">\n\t\t\t\t<div class=\"elementor-widget-container\">\n\t\t\t<h3 class=\"elementor-heading-title elementor-size-default\">mo\u017cliwo\u015bci Twojego CRM<\/h3>\t\t<\/div>\n\t\t\t\t<\/div>\n\t\t\t\t\t<\/div>\n\t\t<\/div>\n\t\t\t\t\t\t\t<\/div>\n\t\t<\/section>\n\t\t\t\t<section class=\"elementor-section elementor-top-section elementor-element elementor-element-c106570 elementor-section-stretched elementor-hidden-mobile elementor-section-boxed elementor-section-height-default elementor-section-height-default\" data-id=\"c106570\" data-element_type=\"section\" data-settings=\"{&quot;stretch_section&quot;:&quot;section-stretched&quot;,&quot;background_background&quot;:&quot;classic&quot;}\">\n\t\t\t\t\t\t<div class=\"elementor-container elementor-column-gap-default\">\n\t\t\t\t\t<div class=\"elementor-column elementor-col-100 elementor-top-column elementor-element elementor-element-291b1e6\" data-id=\"291b1e6\" data-element_type=\"column\">\n\t\t\t<div class=\"elementor-widget-wrap elementor-element-populated\">\n\t\t\t\t\t\t\t\t<section class=\"elementor-section elementor-inner-section elementor-element elementor-element-e925880 elementor-section-boxed elementor-section-height-default elementor-section-height-default\" data-id=\"e925880\" data-element_type=\"section\">\n\t\t\t\t\t\t<div class=\"elementor-container elementor-column-gap-default\">\n\t\t\t\t\t<div class=\"elementor-column elementor-col-25 elementor-inner-column elementor-element elementor-element-7aed037\" data-id=\"7aed037\" data-element_type=\"column\">\n\t\t\t<div class=\"elementor-widget-wrap elementor-element-populated\">\n\t\t\t\t\t\t\t\t<div class=\"elementor-element elementor-element-6b62c1f elementor-align-center elementor-invisible elementor-widget elementor-widget-button\" data-id=\"6b62c1f\" data-element_type=\"widget\" data-settings=\"{&quot;_animation&quot;:&quot;fadeInUp&quot;}\" data-widget_type=\"button.default\">\n\t\t\t\t<div class=\"elementor-widget-container\">\n\t\t\t\t\t<div class=\"elementor-button-wrapper\">\n\t\t\t<a href=\"https:\/\/netwiseapps.com\/pl\/?page_id=119\" class=\"elementor-button-link elementor-button elementor-size-sm elementor-animation-float\" role=\"button\">\n\t\t\t\t\t\t<span class=\"elementor-button-content-wrapper\">\n\t\t\t\t\t\t<span class=\"elementor-button-text\"><span class=\"tile-header\">NETWISE ABSENCE MANAGER \u200b<\/span><p class=\"plain-txt\">Zarz\u0105dzanie zast\u0119pstwami w Twojej organizacji<\/p><\/span>\n\t\t<\/span>\n\t\t\t\t\t<\/a>\n\t\t<\/div>\n\t\t\t\t<\/div>\n\t\t\t\t<\/div>\n\t\t\t\t\t<\/div>\n\t\t<\/div>\n\t\t\t\t<div class=\"elementor-column elementor-col-25 elementor-inner-column elementor-element elementor-element-3fae325\" data-id=\"3fae325\" data-element_type=\"column\">\n\t\t\t<div class=\"elementor-widget-wrap elementor-element-populated\">\n\t\t\t\t\t\t\t\t<div class=\"elementor-element elementor-element-bdb915d elementor-align-center elementor-invisible elementor-widget elementor-widget-button\" data-id=\"bdb915d\" data-element_type=\"widget\" data-settings=\"{&quot;_animation&quot;:&quot;fadeInUp&quot;,&quot;_animation_delay&quot;:500}\" data-widget_type=\"button.default\">\n\t\t\t\t<div class=\"elementor-widget-container\">\n\t\t\t\t\t<div class=\"elementor-button-wrapper\">\n\t\t\t<a href=\"https:\/\/netwiseapps.com\/pl\/?page_id=44\" class=\"elementor-button-link elementor-button elementor-size-sm elementor-animation-float\" role=\"button\">\n\t\t\t\t\t\t<span class=\"elementor-button-content-wrapper\">\n\t\t\t\t\t\t<span class=\"elementor-button-text\"><span class=\"tile-header\">RODO - GDPR <br>DLA<br> Dynamics 365<\/span><p class=\"plain-txt\">Modu\u0142 RODO do systemu CRM Dynamics 365<\/p><\/span>\n\t\t<\/span>\n\t\t\t\t\t<\/a>\n\t\t<\/div>\n\t\t\t\t<\/div>\n\t\t\t\t<\/div>\n\t\t\t\t\t<\/div>\n\t\t<\/div>\n\t\t\t\t<div class=\"elementor-column elementor-col-25 elementor-inner-column elementor-element elementor-element-cd571a9\" data-id=\"cd571a9\" data-element_type=\"column\">\n\t\t\t<div class=\"elementor-widget-wrap elementor-element-populated\">\n\t\t\t\t\t\t\t\t<div class=\"elementor-element elementor-element-48f7a67 elementor-align-center elementor-invisible elementor-widget elementor-widget-button\" data-id=\"48f7a67\" data-element_type=\"widget\" data-settings=\"{&quot;_animation&quot;:&quot;fadeInUp&quot;,&quot;_animation_delay&quot;:1000}\" data-widget_type=\"button.default\">\n\t\t\t\t<div class=\"elementor-widget-container\">\n\t\t\t\t\t<div class=\"elementor-button-wrapper\">\n\t\t\t<a href=\"https:\/\/netwiseapps.com\/pl\/?page_id=49\" class=\"elementor-button-link elementor-button elementor-size-sm elementor-animation-float\" role=\"button\">\n\t\t\t\t\t\t<span class=\"elementor-button-content-wrapper\">\n\t\t\t\t\t\t<span class=\"elementor-button-text\"><span class=\"tile-header\">SALESmanago <br>DLA<br>  Dynamics 365<\/span><p class=\"plain-txt\">Integracja SALESmanago z Dynamics 365<\/p><\/span>\n\t\t<\/span>\n\t\t\t\t\t<\/a>\n\t\t<\/div>\n\t\t\t\t<\/div>\n\t\t\t\t<\/div>\n\t\t\t\t\t<\/div>\n\t\t<\/div>\n\t\t\t\t<div class=\"elementor-column elementor-col-25 elementor-inner-column elementor-element elementor-element-cc8e2c9\" data-id=\"cc8e2c9\" data-element_type=\"column\">\n\t\t\t<div class=\"elementor-widget-wrap elementor-element-populated\">\n\t\t\t\t\t\t\t\t<div class=\"elementor-element elementor-element-6dfab5d elementor-align-center elementor-invisible elementor-widget elementor-widget-button\" data-id=\"6dfab5d\" data-element_type=\"widget\" data-settings=\"{&quot;_animation&quot;:&quot;fadeInUp&quot;,&quot;_animation_delay&quot;:1500}\" data-widget_type=\"button.default\">\n\t\t\t\t<div class=\"elementor-widget-container\">\n\t\t\t\t\t<div class=\"elementor-button-wrapper\">\n\t\t\t<a href=\"https:\/\/netwiseapps.com\/pl\/?page_id=26\" class=\"elementor-button-link elementor-button elementor-size-sm elementor-animation-float\" role=\"button\">\n\t\t\t\t\t\t<span class=\"elementor-button-content-wrapper\">\n\t\t\t\t\t\t<span class=\"elementor-button-text\"><span class=\"tile-header\">Focus Telecom <br>DLA<br>  Dynamics 365<\/span><p class=\"plain-txt\">Integracja<br> telefon\u00f3w z <br>Dynamics 365<\/p><\/span>\n\t\t<\/span>\n\t\t\t\t\t<\/a>\n\t\t<\/div>\n\t\t\t\t<\/div>\n\t\t\t\t<\/div>\n\t\t\t\t\t<\/div>\n\t\t<\/div>\n\t\t\t\t\t\t\t<\/div>\n\t\t<\/section>\n\t\t\t\t\t<\/div>\n\t\t<\/div>\n\t\t\t\t\t\t\t<\/div>\n\t\t<\/section>\n\t\t\t\t<section class=\"elementor-section elementor-top-section elementor-element elementor-element-098141a elementor-section-stretched footer-cntnr elementor-section-boxed elementor-section-height-default elementor-section-height-default\" data-id=\"098141a\" data-element_type=\"section\" data-settings=\"{&quot;stretch_section&quot;:&quot;section-stretched&quot;,&quot;background_background&quot;:&quot;classic&quot;}\">\n\t\t\t\t\t\t<div class=\"elementor-container elementor-column-gap-default\">\n\t\t\t\t\t<div class=\"elementor-column elementor-col-50 elementor-top-column elementor-element elementor-element-ea504e6\" data-id=\"ea504e6\" data-element_type=\"column\">\n\t\t\t<div class=\"elementor-widget-wrap elementor-element-populated\">\n\t\t\t\t\t\t\t\t<div class=\"elementor-element elementor-element-1e85dff elementor-widget elementor-widget-image\" data-id=\"1e85dff\" data-element_type=\"widget\" data-widget_type=\"image.default\">\n\t\t\t\t<div class=\"elementor-widget-container\">\n\t\t\t<style>\/*! elementor - v3.5.6 - 28-02-2022 *\/\n.elementor-widget-image{text-align:center}.elementor-widget-image a{display:inline-block}.elementor-widget-image a img[src$=\".svg\"]{width:48px}.elementor-widget-image img{vertical-align:middle;display:inline-block}<\/style>\t\t\t\t\t\t\t\t\t\t\t\t<img decoding=\"async\" src=\"https:\/\/netwiseapps.com\/pl\/wp-content\/uploads\/2021\/10\/netwise-apps-logo-footer.png\" title=\"\" alt=\"\" \/>\t\t\t\t\t\t\t\t\t\t\t\t\t\t\t<\/div>\n\t\t\t\t<\/div>\n\t\t\t\t<div class=\"elementor-element elementor-element-8a407ef elementor-widget elementor-widget-text-editor\" data-id=\"8a407ef\" data-element_type=\"widget\" data-widget_type=\"text-editor.default\">\n\t\t\t\t<div class=\"elementor-widget-container\">\n\t\t\t<style>\/*! elementor - v3.5.6 - 28-02-2022 *\/\n.elementor-widget-text-editor.elementor-drop-cap-view-stacked .elementor-drop-cap{background-color:#818a91;color:#fff}.elementor-widget-text-editor.elementor-drop-cap-view-framed .elementor-drop-cap{color:#818a91;border:3px solid;background-color:transparent}.elementor-widget-text-editor:not(.elementor-drop-cap-view-default) .elementor-drop-cap{margin-top:8px}.elementor-widget-text-editor:not(.elementor-drop-cap-view-default) .elementor-drop-cap-letter{width:1em;height:1em}.elementor-widget-text-editor .elementor-drop-cap{float:left;text-align:center;line-height:1;font-size:50px}.elementor-widget-text-editor .elementor-drop-cap-letter{display:inline-block}<\/style>\t\t\t\t<a href=\"https:\/\/www.netwiseapps.com\">www.netwiseapps.com<\/a>\t\t\t\t\t\t<\/div>\n\t\t\t\t<\/div>\n\t\t\t\t\t<\/div>\n\t\t<\/div>\n\t\t\t\t<div class=\"elementor-column elementor-col-50 elementor-top-column elementor-element elementor-element-526e018\" data-id=\"526e018\" data-element_type=\"column\">\n\t\t\t<div class=\"elementor-widget-wrap elementor-element-populated\">\n\t\t\t\t\t\t\t\t<div class=\"elementor-element elementor-element-e459707 elementor-widget elementor-widget-image\" data-id=\"e459707\" data-element_type=\"widget\" data-widget_type=\"image.default\">\n\t\t\t\t<div class=\"elementor-widget-container\">\n\t\t\t\t\t\t\t\t\t\t\t\t\t\t\t<img decoding=\"async\" src=\"https:\/\/netwiseapps.com\/pl\/wp-content\/uploads\/2021\/10\/netwise-logo-negative.png\" title=\"\" alt=\"\" \/>\t\t\t\t\t\t\t\t\t\t\t\t\t\t\t<\/div>\n\t\t\t\t<\/div>\n\t\t\t\t<div class=\"elementor-element elementor-element-ddb878d elementor-widget elementor-widget-text-editor\" data-id=\"ddb878d\" data-element_type=\"widget\" data-widget_type=\"text-editor.default\">\n\t\t\t\t<div class=\"elementor-widget-container\">\n\t\t\t\t\t\t\t<a href=\"https:\/\/netwiseglobal.com\/pl\/\">www.netwiseglobal.com\/pl\/<\/a>\t\t\t\t\t\t<\/div>\n\t\t\t\t<\/div>\n\t\t\t\t\t<\/div>\n\t\t<\/div>\n\t\t\t\t\t\t\t<\/div>\n\t\t<\/section>\n\t\t\t\t\t\t<\/div>\n\t\t\t\t\t<\/div>\n\t\t","protected":false},"excerpt":{"rendered":"<p>Najlepsze Aplikacje dla Dynamics 365 Stworzone, aby rozszerzy\u0107 mo\u017cliwo\u015bci Twojego CRM NETWISE [&hellip;]<\/p>\n","protected":false},"author":1,"featured_media":0,"parent":0,"menu_order":0,"comment_status":"closed","ping_status":"closed","template":"elementor_header_footer","meta":{"footnotes":""},"class_list":["post-9","page","type-page","status-publish","hentry"],"yoast_head":"<!-- This site is optimized with the Yoast SEO plugin v23.2 - https:\/\/yoast.com\/wordpress\/plugins\/seo\/ -->\n<title>Strona g\u0142\u00f3wna - NetwiseApps PL<\/title>\n<meta name=\"robots\" content=\"index, follow, max-snippet:-1, max-image-preview:large, max-video-preview:-1\" \/>\n<link rel=\"canonical\" href=\"https:\/\/netwiseapps.com\/pl\/\" \/>\n<meta property=\"og:locale\" content=\"pl_PL\" \/>\n<meta property=\"og:type\" content=\"article\" \/>\n<meta property=\"og:title\" content=\"Strona g\u0142\u00f3wna - NetwiseApps PL\" \/>\n<meta property=\"og:description\" content=\"Najlepsze Aplikacje dla Dynamics 365 Stworzone, aby rozszerzy\u0107 mo\u017cliwo\u015bci Twojego CRM NETWISE [&hellip;]\" \/>\n<meta property=\"og:url\" content=\"https:\/\/netwiseapps.com\/pl\/\" \/>\n<meta property=\"og:site_name\" content=\"NetwiseApps PL\" \/>\n<meta property=\"article:modified_time\" content=\"2025-06-03T10:34:22+00:00\" \/>\n<meta property=\"og:image\" content=\"https:\/\/netwiseapps.com\/pl\/wp-content\/uploads\/2021\/10\/netwise-apps-logo-footer.png\" \/>\n<meta name=\"twitter:card\" content=\"summary_large_image\" \/>\n<meta name=\"twitter:label1\" content=\"Szacowany czas czytania\" \/>\n\t<meta name=\"twitter:data1\" content=\"1 minuta\" \/>\n<script type=\"application\/ld+json\" class=\"yoast-schema-graph\">{\"@context\":\"https:\/\/schema.org\",\"@graph\":[{\"@type\":\"WebPage\",\"@id\":\"https:\/\/netwiseapps.com\/pl\/\",\"url\":\"https:\/\/netwiseapps.com\/pl\/\",\"name\":\"Strona g\u0142\u00f3wna - NetwiseApps PL\",\"isPartOf\":{\"@id\":\"https:\/\/netwiseapps.com\/pl\/#website\"},\"primaryImageOfPage\":{\"@id\":\"https:\/\/netwiseapps.com\/pl\/#primaryimage\"},\"image\":{\"@id\":\"https:\/\/netwiseapps.com\/pl\/#primaryimage\"},\"thumbnailUrl\":\"https:\/\/netwiseapps.com\/pl\/wp-content\/uploads\/2021\/10\/netwise-apps-logo-footer.png\",\"datePublished\":\"2022-03-06T16:30:43+00:00\",\"dateModified\":\"2025-06-03T10:34:22+00:00\",\"breadcrumb\":{\"@id\":\"https:\/\/netwiseapps.com\/pl\/#breadcrumb\"},\"inLanguage\":\"pl-PL\",\"potentialAction\":[{\"@type\":\"ReadAction\",\"target\":[\"https:\/\/netwiseapps.com\/pl\/\"]}]},{\"@type\":\"ImageObject\",\"inLanguage\":\"pl-PL\",\"@id\":\"https:\/\/netwiseapps.com\/pl\/#primaryimage\",\"url\":\"https:\/\/netwiseapps.com\/pl\/wp-content\/uploads\/2021\/10\/netwise-apps-logo-footer.png\",\"contentUrl\":\"https:\/\/netwiseapps.com\/pl\/wp-content\/uploads\/2021\/10\/netwise-apps-logo-footer.png\"},{\"@type\":\"BreadcrumbList\",\"@id\":\"https:\/\/netwiseapps.com\/pl\/#breadcrumb\",\"itemListElement\":[{\"@type\":\"ListItem\",\"position\":1,\"name\":\"Strona g\u0142\u00f3wna\",\"item\":\"https:\/\/netwiseapps.com\/pl\/\"},{\"@type\":\"ListItem\",\"position\":2,\"name\":\"Strona g\u0142\u00f3wna\"}]},{\"@type\":\"WebSite\",\"@id\":\"https:\/\/netwiseapps.com\/pl\/#website\",\"url\":\"https:\/\/netwiseapps.com\/pl\/\",\"name\":\"NetwiseApps PL\",\"description\":\"Najlepsze aplikacje dla Dynamics 365\",\"potentialAction\":[{\"@type\":\"SearchAction\",\"target\":{\"@type\":\"EntryPoint\",\"urlTemplate\":\"https:\/\/netwiseapps.com\/pl\/?s={search_term_string}\"},\"query-input\":\"required name=search_term_string\"}],\"inLanguage\":\"pl-PL\"}]}<\/script>\n<!-- \/ Yoast SEO plugin. -->","yoast_head_json":{"title":"Strona g\u0142\u00f3wna - NetwiseApps PL","robots":{"index":"index","follow":"follow","max-snippet":"max-snippet:-1","max-image-preview":"max-image-preview:large","max-video-preview":"max-video-preview:-1"},"canonical":"https:\/\/netwiseapps.com\/pl\/","og_locale":"pl_PL","og_type":"article","og_title":"Strona g\u0142\u00f3wna - NetwiseApps PL","og_description":"Najlepsze Aplikacje dla Dynamics 365 Stworzone, aby rozszerzy\u0107 mo\u017cliwo\u015bci Twojego CRM NETWISE [&hellip;]","og_url":"https:\/\/netwiseapps.com\/pl\/","og_site_name":"NetwiseApps PL","article_modified_time":"2025-06-03T10:34:22+00:00","og_image":[{"url":"https:\/\/netwiseapps.com\/pl\/wp-content\/uploads\/2021\/10\/netwise-apps-logo-footer.png"}],"twitter_card":"summary_large_image","twitter_misc":{"Szacowany czas czytania":"1 minuta"},"schema":{"@context":"https:\/\/schema.org","@graph":[{"@type":"WebPage","@id":"https:\/\/netwiseapps.com\/pl\/","url":"https:\/\/netwiseapps.com\/pl\/","name":"Strona g\u0142\u00f3wna - NetwiseApps PL","isPartOf":{"@id":"https:\/\/netwiseapps.com\/pl\/#website"},"primaryImageOfPage":{"@id":"https:\/\/netwiseapps.com\/pl\/#primaryimage"},"image":{"@id":"https:\/\/netwiseapps.com\/pl\/#primaryimage"},"thumbnailUrl":"https:\/\/netwiseapps.com\/pl\/wp-content\/uploads\/2021\/10\/netwise-apps-logo-footer.png","datePublished":"2022-03-06T16:30:43+00:00","dateModified":"2025-06-03T10:34:22+00:00","breadcrumb":{"@id":"https:\/\/netwiseapps.com\/pl\/#breadcrumb"},"inLanguage":"pl-PL","potentialAction":[{"@type":"ReadAction","target":["https:\/\/netwiseapps.com\/pl\/"]}]},{"@type":"ImageObject","inLanguage":"pl-PL","@id":"https:\/\/netwiseapps.com\/pl\/#primaryimage","url":"https:\/\/netwiseapps.com\/pl\/wp-content\/uploads\/2021\/10\/netwise-apps-logo-footer.png","contentUrl":"https:\/\/netwiseapps.com\/pl\/wp-content\/uploads\/2021\/10\/netwise-apps-logo-footer.png"},{"@type":"BreadcrumbList","@id":"https:\/\/netwiseapps.com\/pl\/#breadcrumb","itemListElement":[{"@type":"ListItem","position":1,"name":"Strona g\u0142\u00f3wna","item":"https:\/\/netwiseapps.com\/pl\/"},{"@type":"ListItem","position":2,"name":"Strona g\u0142\u00f3wna"}]},{"@type":"WebSite","@id":"https:\/\/netwiseapps.com\/pl\/#website","url":"https:\/\/netwiseapps.com\/pl\/","name":"NetwiseApps PL","description":"Najlepsze aplikacje dla Dynamics 365","potentialAction":[{"@type":"SearchAction","target":{"@type":"EntryPoint","urlTemplate":"https:\/\/netwiseapps.com\/pl\/?s={search_term_string}"},"query-input":"required name=search_term_string"}],"inLanguage":"pl-PL"}]}},"_links":{"self":[{"href":"https:\/\/netwiseapps.com\/pl\/index.php?rest_route=\/wp\/v2\/pages\/9","targetHints":{"allow":["GET"]}}],"collection":[{"href":"https:\/\/netwiseapps.com\/pl\/index.php?rest_route=\/wp\/v2\/pages"}],"about":[{"href":"https:\/\/netwiseapps.com\/pl\/index.php?rest_route=\/wp\/v2\/types\/page"}],"author":[{"embeddable":true,"href":"https:\/\/netwiseapps.com\/pl\/index.php?rest_route=\/wp\/v2\/users\/1"}],"replies":[{"embeddable":true,"href":"https:\/\/netwiseapps.com\/pl\/index.php?rest_route=%2Fwp%2Fv2%2Fcomments&post=9"}],"version-history":[{"count":28,"href":"https:\/\/netwiseapps.com\/pl\/index.php?rest_route=\/wp\/v2\/pages\/9\/revisions"}],"predecessor-version":[{"id":154,"href":"https:\/\/netwiseapps.com\/pl\/index.php?rest_route=\/wp\/v2\/pages\/9\/revisions\/154"}],"wp:attachment":[{"href":"https:\/\/netwiseapps.com\/pl\/index.php?rest_route=%2Fwp%2Fv2%2Fmedia&parent=9"}],"curies":[{"name":"wp","href":"https:\/\/api.w.org\/{rel}","templated":true}]}}